{"id":55,"date":"2023-08-28T18:06:38","date_gmt":"2023-08-28T18:06:38","guid":{"rendered":"https:\/\/www.tequiladobleb.com\/?page_id=55"},"modified":"2026-01-14T16:51:01","modified_gmt":"2026-01-14T22:51:01","slug":"inicio","status":"publish","type":"page","link":"https:\/\/www.tequiladobleb.com\/en\/","title":{"rendered":"Home"},"content":{"rendered":"<div data-elementor-type=\"wp-page\" data-elementor-id=\"55\" class=\"elementor elementor-55\" data-elementor-post-type=\"page\">\n\t\t\t\t<div class=\"elementor-element elementor-element-91ab9ed e-flex e-con-boxed e-con e-parent\" data-id=\"91ab9ed\" data-element_type=\"container\" data-settings=\"{&quot;background_background&quot;:&quot;video&quot;,&quot;background_video_link&quot;:&quot;https:\\\/\\\/player.vimeo.com\\\/video\\\/915734465&quot;,&quot;background_video_start&quot;:0,&quot;background_video_end&quot;:29,&quot;background_play_on_mobile&quot;:&quot;yes&quot;,&quot;background_privacy_mode&quot;:&quot;yes&quot;}\">\n\t\t\t\t\t<div class=\"e-con-inner\">\n\t\t<div class=\"elementor-background-video-container\" aria-hidden=\"true\">\n\t\t\t\t\t\t\t<div class=\"elementor-background-video-embed\"><\/div>\n\t\t\t\t\t\t<\/div><div class=\"elementor-element elementor-element-0804931 e-con-full e-flex e-con e-child\" data-id=\"0804931\" data-element_type=\"container\">\n\t\t\t\t<div class=\"elementor-element elementor-element-729ddc9 de_scroll_animation_no elementor-widget elementor-widget-image\" data-id=\"729ddc9\" data-element_type=\"widget\" data-widget_type=\"image.default\">\n\t\t\t\t<div class=\"elementor-widget-container\">\n\t\t\t\t\t\t\t\t\t\t\t\t\t\t\t<img decoding=\"async\" width=\"172\" height=\"266\" src=\"https:\/\/www.tequiladobleb.com\/wp-content\/uploads\/2023\/08\/LogotipoBlanco.png\" class=\"attachment-large size-large wp-image-101\" alt=\"Tequila Doble B\" \/>\t\t\t\t\t\t\t\t\t\t\t\t\t\t\t<\/div>\n\t\t\t\t<\/div>\n\t\t\t\t<div class=\"elementor-element elementor-element-6abdd8e de_scroll_animation_no elementor-widget elementor-widget-heading\" data-id=\"6abdd8e\" data-element_type=\"widget\" data-widget_type=\"heading.default\">\n\t\t\t\t<div class=\"elementor-widget-container\">\n\t\t\t\t\t<h1 class=\"elementor-heading-title elementor-size-default\">Tequila Doble B<\/h1>\t\t\t\t<\/div>\n\t\t\t\t<\/div>\n\t\t\t\t<div class=\"elementor-element elementor-element-1296cd1 de_scroll_animation_no elementor-widget elementor-widget-heading\" data-id=\"1296cd1\" data-element_type=\"widget\" data-widget_type=\"heading.default\">\n\t\t\t\t<div class=\"elementor-widget-container\">\n\t\t\t\t\t<h2 class=\"elementor-heading-title elementor-size-default\">The pride and courage of our tradition is the main source of inspiration to continue our legacy.<\/h2>\t\t\t\t<\/div>\n\t\t\t\t<\/div>\n\t\t\t\t<div class=\"elementor-element elementor-element-e9a551e de_scroll_animation_yes elementor-view-default de_scroll_animation_preview_yes de_scroll_translateX_popover_unchecked de_scroll_translateY_popover_unchecked de_scroll_rotate_popover_unchecked de_scroll_scale_popover_unchecked de_scroll_skew_popover_unchecked de_scroll_finish_animate_100 de_scroll_animation_on_desktop_yes de_scroll_animation_on_tablet_no de_scroll_animation_on_mobile_no elementor-widget elementor-widget-icon\" data-id=\"e9a551e\" data-element_type=\"widget\" data-widget_type=\"icon.default\">\n\t\t\t\t<div class=\"elementor-widget-container\">\n\t\t\t\t\t\t\t<div class=\"elementor-icon-wrapper\">\n\t\t\t<div class=\"elementor-icon\">\n\t\t\t<i aria-hidden=\"true\" class=\"fas fa-angle-double-down\"><\/i>\t\t\t<\/div>\n\t\t<\/div>\n\t\t\t\t\t\t<\/div>\n\t\t\t\t<\/div>\n\t\t\t\t<\/div>\n\t\t\t\t\t<\/div>\n\t\t\t\t<\/div>\n\t\t<div class=\"elementor-element elementor-element-18e0666 e-con-full e-flex e-con e-parent\" data-id=\"18e0666\" data-element_type=\"container\" data-settings=\"{&quot;background_background&quot;:&quot;classic&quot;}\">\n\t\t<div class=\"elementor-element elementor-element-fe62f09 e-con-full e-flex e-con e-child\" data-id=\"fe62f09\" data-element_type=\"container\" data-settings=\"{&quot;background_background&quot;:&quot;classic&quot;,&quot;background_motion_fx_motion_fx_scrolling&quot;:&quot;yes&quot;,&quot;background_motion_fx_devices&quot;:[&quot;desktop&quot;,&quot;tablet&quot;,&quot;mobile&quot;]}\">\n\t\t\t\t<div class=\"elementor-element elementor-element-3e511f9 de_reveal_animation_yes elementor-testimonial--skin-default elementor-testimonial--layout-image_inline elementor-testimonial--align-center de_scroll_animation_no de_reveal_animation_type_default de_reveal_animation_style_fu de_reveal_easing_linear de_reveal_distance_200 de_reveal_default_delay_0 de_reveal_duration_1000 de_reveal_direction_normal de_reveal_loop_custom de_reveal_custom_loop_1 de_reveal_start_0.5 de_reveal_animate_in_viewport_runonce de_reveal_on_desktop_yes de_reveal_on_tablet_yes de_reveal_on_mobile_yes elementor-widget elementor-widget-testimonial-carousel\" data-id=\"3e511f9\" data-element_type=\"widget\" data-settings=\"{&quot;speed&quot;:4000,&quot;autoplay&quot;:&quot;yes&quot;,&quot;autoplay_speed&quot;:5000,&quot;loop&quot;:&quot;yes&quot;,&quot;pause_on_hover&quot;:&quot;yes&quot;,&quot;pause_on_interaction&quot;:&quot;yes&quot;,&quot;space_between&quot;:{&quot;unit&quot;:&quot;px&quot;,&quot;size&quot;:10,&quot;sizes&quot;:[]},&quot;space_between_tablet&quot;:{&quot;unit&quot;:&quot;px&quot;,&quot;size&quot;:10,&quot;sizes&quot;:[]},&quot;space_between_mobile&quot;:{&quot;unit&quot;:&quot;px&quot;,&quot;size&quot;:10,&quot;sizes&quot;:[]}}\" data-widget_type=\"testimonial-carousel.default\">\n\t\t\t\t<div class=\"elementor-widget-container\">\n\t\t\t\t\t\t\t\t\t<div class=\"elementor-swiper\">\n\t\t\t\t\t<div class=\"elementor-main-swiper swiper\" role=\"region\" aria-roledescription=\"carousel\" aria-label=\"Message Slides\">\n\t\t\t\t<div class=\"swiper-wrapper\">\n\t\t\t\t\t\t\t\t\t\t\t<div class=\"swiper-slide\" role=\"group\" aria-roledescription=\"slide\">\n\t\t\t\t\t\t\t\t\t<div class=\"elementor-testimonial\">\n\t\t\t\t\t\t\t<div class=\"elementor-testimonial__content\">\n\t\t\t\t\t<div class=\"elementor-testimonial__text\">\n\t\t\t\t\t\tMore than a tequila, a legacy born in the volcanic lands of Ahuacatlan, Nayarit.\t\t\t\t\t<\/div>\n\t\t\t\t\t\t\t\t\t<\/div>\n\t\t\t\t\t\t<div class=\"elementor-testimonial__footer\">\n\t\t\t\t\t\t\t\t\t\t\t<\/div>\n\t\t<\/div>\n\t\t\t\t\t\t\t\t<\/div>\n\t\t\t\t\t\t\t\t\t\t\t<div class=\"swiper-slide\" role=\"group\" aria-roledescription=\"slide\">\n\t\t\t\t\t\t\t\t\t<div class=\"elementor-testimonial\">\n\t\t\t\t\t\t\t<div class=\"elementor-testimonial__content\">\n\t\t\t\t\t<div class=\"elementor-testimonial__text\">\n\t\t\t\t\t\tEvery drop of Tequila Doble B honors the passion and courage of generations that forged our tradition.\t\t\t\t\t<\/div>\n\t\t\t\t\t\t\t\t\t<\/div>\n\t\t\t\t\t\t<div class=\"elementor-testimonial__footer\">\n\t\t\t\t\t\t\t\t\t\t\t<\/div>\n\t\t<\/div>\n\t\t\t\t\t\t\t\t<\/div>\n\t\t\t\t\t\t\t\t\t\t\t<div class=\"swiper-slide\" role=\"group\" aria-roledescription=\"slide\">\n\t\t\t\t\t\t\t\t\t<div class=\"elementor-testimonial\">\n\t\t\t\t\t\t\t<div class=\"elementor-testimonial__content\">\n\t\t\t\t\t<div class=\"elementor-testimonial__text\">\n\t\t\t\t\t\tAn authentic tequila, born of family heritage and created to share moments that last.\t\t\t\t\t<\/div>\n\t\t\t\t\t\t\t\t\t<\/div>\n\t\t\t\t\t\t<div class=\"elementor-testimonial__footer\">\n\t\t\t\t\t\t\t\t\t\t\t<\/div>\n\t\t<\/div>\n\t\t\t\t\t\t\t\t<\/div>\n\t\t\t\t\t\t\t\t\t<\/div>\n\t\t\t\t\t\t\t\t\t\t\t\t\t\t\t\t\t\t\t\t\t<\/div>\n\t\t\t\t<\/div>\n\t\t\t\t\t\t\t\t<\/div>\n\t\t\t\t<\/div>\n\t\t\t\t<\/div>\n\t\t<div class=\"elementor-element elementor-element-720c1e2 e-con-full e-flex elementor-invisible e-con e-child\" data-id=\"720c1e2\" data-element_type=\"container\" data-settings=\"{&quot;animation&quot;:&quot;zoomInDown&quot;}\">\n\t\t\t\t<div class=\"elementor-element elementor-element-c7c3907 de_scroll_animation_no elementor-widget elementor-widget-heading\" data-id=\"c7c3907\" data-element_type=\"widget\" data-widget_type=\"heading.default\">\n\t\t\t\t<div class=\"elementor-widget-container\">\n\t\t\t\t\t<h3 class=\"elementor-heading-title elementor-size-default\">our tequilas<\/h3>\t\t\t\t<\/div>\n\t\t\t\t<\/div>\n\t\t\t\t<div class=\"elementor-element elementor-element-c4d8442 elementor--v-position-top elementor--h-position-center elementor-arrows-position-inside elementor-pagination-position-inside de_scroll_animation_no elementor-widget elementor-widget-slides\" data-id=\"c4d8442\" data-element_type=\"widget\" data-settings=\"{&quot;navigation&quot;:&quot;both&quot;,&quot;autoplay&quot;:&quot;yes&quot;,&quot;pause_on_hover&quot;:&quot;yes&quot;,&quot;pause_on_interaction&quot;:&quot;yes&quot;,&quot;autoplay_speed&quot;:5000,&quot;infinite&quot;:&quot;yes&quot;,&quot;transition&quot;:&quot;slide&quot;,&quot;transition_speed&quot;:500}\" data-widget_type=\"slides.default\">\n\t\t\t\t<div class=\"elementor-widget-container\">\n\t\t\t\t\t\t\t\t\t<div class=\"elementor-swiper\">\n\t\t\t\t\t<div class=\"elementor-slides-wrapper elementor-main-swiper swiper\" role=\"region\" aria-roledescription=\"carousel\" aria-label=\"Slides\" dir=\"ltr\" data-animation=\"fadeInUp\">\n\t\t\t\t<div class=\"swiper-wrapper elementor-slides\">\n\t\t\t\t\t\t\t\t\t\t<div class=\"elementor-repeater-item-53d0ed1 swiper-slide\" role=\"group\" aria-roledescription=\"slide\"><div class=\"swiper-slide-bg elementor-ken-burns elementor-ken-burns--in\" role=\"img\" aria-label=\"Premium White Tequila\"><\/div><div class=\"swiper-slide-inner\" ><div class=\"swiper-slide-contents\"><\/div><\/div><\/div><div class=\"elementor-repeater-item-c7ad78a swiper-slide\" role=\"group\" aria-roledescription=\"slide\"><div class=\"swiper-slide-bg elementor-ken-burns elementor-ken-burns--in\" role=\"img\" aria-label=\"Tequila Reposado\"><\/div><div class=\"swiper-slide-inner\" ><div class=\"swiper-slide-contents\"><\/div><\/div><\/div><div class=\"elementor-repeater-item-bab0605 swiper-slide\" role=\"group\" aria-roledescription=\"slide\"><div class=\"swiper-slide-bg elementor-ken-burns elementor-ken-burns--in\" role=\"img\" aria-label=\"Tequila A\u00f1ejo Premium\"><\/div><div class=\"swiper-slide-inner\" ><div class=\"swiper-slide-contents\"><\/div><\/div><\/div><div class=\"elementor-repeater-item-f1c4489 swiper-slide\" role=\"group\" aria-roledescription=\"slide\"><div class=\"swiper-slide-bg elementor-ken-burns elementor-ken-burns--in\" role=\"img\" aria-label=\"TequilaBlanco\"><\/div><div class=\"swiper-slide-inner\" ><div class=\"swiper-slide-contents\"><\/div><\/div><\/div>\t\t\t\t<\/div>\n\t\t\t\t\t\t\t\t\t\t\t\t\t\t\t<div class=\"elementor-swiper-button elementor-swiper-button-prev\" role=\"button\" tabindex=\"0\" aria-label=\"Diapositiva anterior\">\n\t\t\t\t\t\t\t<i aria-hidden=\"true\" class=\"eicon-chevron-left\"><\/i>\t\t\t\t\t\t<\/div>\n\t\t\t\t\t\t<div class=\"elementor-swiper-button elementor-swiper-button-next\" role=\"button\" tabindex=\"0\" aria-label=\"Siguiente diapositiva\">\n\t\t\t\t\t\t\t<i aria-hidden=\"true\" class=\"eicon-chevron-right\"><\/i>\t\t\t\t\t\t<\/div>\n\t\t\t\t\t\t\t\t\t\t\t\t\t\t\t\t<div class=\"swiper-pagination\"><\/div>\n\t\t\t\t\t\t\t\t\t\t\t\t<\/div>\n\t\t\t\t<\/div>\n\t\t\t\t\t\t\t\t<\/div>\n\t\t\t\t<\/div>\n\t\t\t\t<\/div>\n\t\t<div class=\"elementor-element elementor-element-a3ca3c7 e-flex e-con-boxed e-con e-child\" data-id=\"a3ca3c7\" data-element_type=\"container\">\n\t\t\t\t\t<div class=\"e-con-inner\">\n\t\t<div class=\"elementor-element elementor-element-1dd56cd animated-slow e-con-full e-flex elementor-invisible e-con e-child\" data-id=\"1dd56cd\" data-element_type=\"container\" data-settings=\"{&quot;animation&quot;:&quot;slideInLeft&quot;,&quot;animation_delay&quot;:0}\">\n\t\t\t\t<div class=\"elementor-element elementor-element-e1e1fd6 de_scroll_animation_no elementor-widget elementor-widget-image\" data-id=\"e1e1fd6\" data-element_type=\"widget\" data-widget_type=\"image.default\">\n\t\t\t\t<div class=\"elementor-widget-container\">\n\t\t\t\t\t\t\t\t\t\t\t\t\t\t\t<img fetchpriority=\"high\" decoding=\"async\" width=\"169\" height=\"300\" src=\"https:\/\/www.tequiladobleb.com\/wp-content\/uploads\/2024\/02\/20240115_154021-169x300.webp\" class=\"attachment-medium size-medium wp-image-699\" alt=\"\" srcset=\"https:\/\/www.tequiladobleb.com\/wp-content\/uploads\/2024\/02\/20240115_154021-169x300.webp 169w, https:\/\/www.tequiladobleb.com\/wp-content\/uploads\/2024\/02\/20240115_154021-577x1024.webp 577w, https:\/\/www.tequiladobleb.com\/wp-content\/uploads\/2024\/02\/20240115_154021-768x1364.webp 768w, https:\/\/www.tequiladobleb.com\/wp-content\/uploads\/2024\/02\/20240115_154021-865x1536.webp 865w, https:\/\/www.tequiladobleb.com\/wp-content\/uploads\/2024\/02\/20240115_154021-rotated.webp 1081w\" sizes=\"(max-width: 169px) 100vw, 169px\" \/>\t\t\t\t\t\t\t\t\t\t\t\t\t\t\t<\/div>\n\t\t\t\t<\/div>\n\t\t\t\t<\/div>\n\t\t<div class=\"elementor-element elementor-element-7319a1b animated-slow e-flex e-con-boxed elementor-invisible e-con e-child\" data-id=\"7319a1b\" data-element_type=\"container\" data-settings=\"{&quot;animation&quot;:&quot;slideInRight&quot;,&quot;animation_delay&quot;:0,&quot;background_background&quot;:&quot;classic&quot;}\">\n\t\t\t\t\t<div class=\"e-con-inner\">\n\t\t\t\t<div class=\"elementor-element elementor-element-5b6a539 de_scroll_animation_no elementor-widget elementor-widget-heading\" data-id=\"5b6a539\" data-element_type=\"widget\" data-widget_type=\"heading.default\">\n\t\t\t\t<div class=\"elementor-widget-container\">\n\t\t\t\t\t<h3 class=\"elementor-heading-title elementor-size-default\">OUR INSPIRATION<\/h3>\t\t\t\t<\/div>\n\t\t\t\t<\/div>\n\t\t\t\t<div class=\"elementor-element elementor-element-4d8967a de_scroll_animation_no elementor-widget elementor-widget-text-editor\" data-id=\"4d8967a\" data-element_type=\"widget\" data-widget_type=\"text-editor.default\">\n\t\t\t\t<div class=\"elementor-widget-container\">\n\t\t\t\t\t\t\t\t\t<p><b>Tequila Doble B<\/b> is born as a tribute to generations of dedication and mastery in tequila production. Learn about our history, from Francisco Miramontes in 1933 to the innovative vision of Alberto Miramontes, and how each generation has contributed to our exceptional tequila. We reflect the courage of generations, keeping the flame of innovation alive. <b>Tequila Doble B<\/b> is more than a name: it is a promise of quality that we honor with every vintage, with every bottle, with every toast.<\/p>\t\t\t\t\t\t\t\t<\/div>\n\t\t\t\t<\/div>\n\t\t\t\t\t<\/div>\n\t\t\t\t<\/div>\n\t\t\t\t\t<\/div>\n\t\t\t\t<\/div>\n\t\t<div class=\"elementor-element elementor-element-51c34be e-flex e-con-boxed e-con e-child\" data-id=\"51c34be\" data-element_type=\"container\">\n\t\t\t\t\t<div class=\"e-con-inner\">\n\t\t<div class=\"elementor-element elementor-element-cc32659 animated-slow e-flex e-con-boxed elementor-invisible e-con e-child\" data-id=\"cc32659\" data-element_type=\"container\" data-settings=\"{&quot;animation&quot;:&quot;slideInLeft&quot;,&quot;animation_delay&quot;:0,&quot;background_background&quot;:&quot;classic&quot;}\">\n\t\t\t\t\t<div class=\"e-con-inner\">\n\t\t\t\t<div class=\"elementor-element elementor-element-ba59175 de_scroll_animation_no elementor-widget elementor-widget-heading\" data-id=\"ba59175\" data-element_type=\"widget\" data-widget_type=\"heading.default\">\n\t\t\t\t<div class=\"elementor-widget-container\">\n\t\t\t\t\t<h3 class=\"elementor-heading-title elementor-size-default\">the origin of tequila doble b<\/h3>\t\t\t\t<\/div>\n\t\t\t\t<\/div>\n\t\t\t\t<div class=\"elementor-element elementor-element-84fd67e de_scroll_animation_no elementor-widget elementor-widget-text-editor\" data-id=\"84fd67e\" data-element_type=\"widget\" data-widget_type=\"text-editor.default\">\n\t\t\t\t<div class=\"elementor-widget-container\">\n\t\t\t\t\t\t\t\t\t<p>In the lands nourished by the Ceboruco volcano, in <strong>Ahuacatl\u00e1n Nayarit<\/strong>, The spirit of <strong>Tequila Doble B<\/strong>. This place, full of history and volcanic landscapes, is the cradle of our tequila, where passion and tradition are distilled in pure essence. Each bottle of <strong>Tequila Doble B<\/strong> is a journey through generations of mastery and the promise of a taste that captures the authenticity of <strong>Ahuacatlan<\/strong>. It is here that each sunrise brings with it the promise of a tequila that honors its origin.<\/p>\t\t\t\t\t\t\t\t<\/div>\n\t\t\t\t<\/div>\n\t\t\t\t\t<\/div>\n\t\t\t\t<\/div>\n\t\t<div class=\"elementor-element elementor-element-d8dde67 animated-slow e-con-full e-flex elementor-invisible e-con e-child\" data-id=\"d8dde67\" data-element_type=\"container\" data-settings=\"{&quot;animation&quot;:&quot;slideInRight&quot;,&quot;animation_delay&quot;:0}\">\n\t\t\t\t<div class=\"elementor-element elementor-element-b51e63e elementor--h-position-center elementor--v-position-middle elementor-arrows-position-inside elementor-pagination-position-inside de_scroll_animation_no elementor-widget elementor-widget-slides\" data-id=\"b51e63e\" data-element_type=\"widget\" data-settings=\"{&quot;transition&quot;:&quot;fade&quot;,&quot;navigation&quot;:&quot;both&quot;,&quot;autoplay&quot;:&quot;yes&quot;,&quot;pause_on_hover&quot;:&quot;yes&quot;,&quot;pause_on_interaction&quot;:&quot;yes&quot;,&quot;autoplay_speed&quot;:5000,&quot;infinite&quot;:&quot;yes&quot;,&quot;transition_speed&quot;:500}\" data-widget_type=\"slides.default\">\n\t\t\t\t<div class=\"elementor-widget-container\">\n\t\t\t\t\t\t\t\t\t<div class=\"elementor-swiper\">\n\t\t\t\t\t<div class=\"elementor-slides-wrapper elementor-main-swiper swiper\" role=\"region\" aria-roledescription=\"carousel\" aria-label=\"Slides\" dir=\"ltr\" data-animation=\"fadeInUp\">\n\t\t\t\t<div class=\"swiper-wrapper elementor-slides\">\n\t\t\t\t\t\t\t\t\t\t<div class=\"elementor-repeater-item-6d4dd2e swiper-slide\" role=\"group\" aria-roledescription=\"slide\"><div class=\"swiper-slide-bg elementor-ken-burns elementor-ken-burns--in\" role=\"img\" aria-label=\"Ahuacatlan\"><\/div><div class=\"swiper-slide-inner\" ><div class=\"swiper-slide-contents\"><\/div><\/div><\/div><div class=\"elementor-repeater-item-204a4df swiper-slide\" role=\"group\" aria-roledescription=\"slide\"><div class=\"swiper-slide-bg elementor-ken-burns elementor-ken-burns--in\" role=\"img\" aria-label=\"Ceboruco\"><\/div><div class=\"swiper-slide-inner\" ><div class=\"swiper-slide-contents\"><\/div><\/div><\/div><div class=\"elementor-repeater-item-64b2fa5 swiper-slide\" role=\"group\" aria-roledescription=\"slide\"><div class=\"swiper-slide-bg elementor-ken-burns elementor-ken-burns--in\" role=\"img\" aria-label=\"Letters Ahuacatlan\"><\/div><div class=\"swiper-slide-inner\" ><div class=\"swiper-slide-contents\"><\/div><\/div><\/div>\t\t\t\t<\/div>\n\t\t\t\t\t\t\t\t\t\t\t\t\t\t\t<div class=\"elementor-swiper-button elementor-swiper-button-prev\" role=\"button\" tabindex=\"0\" aria-label=\"Diapositiva anterior\">\n\t\t\t\t\t\t\t<i aria-hidden=\"true\" class=\"eicon-chevron-left\"><\/i>\t\t\t\t\t\t<\/div>\n\t\t\t\t\t\t<div class=\"elementor-swiper-button elementor-swiper-button-next\" role=\"button\" tabindex=\"0\" aria-label=\"Siguiente diapositiva\">\n\t\t\t\t\t\t\t<i aria-hidden=\"true\" class=\"eicon-chevron-right\"><\/i>\t\t\t\t\t\t<\/div>\n\t\t\t\t\t\t\t\t\t\t\t\t\t\t\t\t<div class=\"swiper-pagination\"><\/div>\n\t\t\t\t\t\t\t\t\t\t\t\t<\/div>\n\t\t\t\t<\/div>\n\t\t\t\t\t\t\t\t<\/div>\n\t\t\t\t<\/div>\n\t\t\t\t<\/div>\n\t\t\t\t\t<\/div>\n\t\t\t\t<\/div>\n\t\t\t\t<div class=\"elementor-element elementor-element-f8234a5 de_scroll_animation_no elementor-widget elementor-widget-html\" data-id=\"f8234a5\" data-element_type=\"widget\" data-widget_type=\"html.default\">\n\t\t\t\t<div class=\"elementor-widget-container\">\n\t\t\t\t\t\n            <div \n                class=\"elfsight-widget-age-verification elfsight-widget\" \n                data-elfsight-age-verification-options=\"%7B%22minimumAge%22%3A21%2C%22verificationMethod%22%3A%22buttons%22%2C%22dateType%22%3A%22auto%22%2C%22rememberDuration%22%3A7%2C%22underAgeAction%22%3A%22message%22%2C%22underAgeMessage%22%3A%22%3Cdiv%3ELamentablemente%2C%20debido%20a%20tu%20edad%20o%20ubicaci%5Cu00f3n%2C%20no%20podemos%20permitirte%20acceder%20a%20nuestro%20sitio%20en%20este%20momento.%3Cbr%3E%3C%5C%2Fdiv%3E%22%2C%22underAgeRedirectUrl%22%3A%22%22%2C%22whereToDisplay%22%3A%22allPages%22%2C%22excludedPages%22%3A%5B%5D%2C%22specificPages%22%3A%5B%5D%2C%22message%22%3A%22Tequila%20Doble%20B%22%2C%22caption%22%3A%22%3Cdiv%3E%3Cstrong%3E%5Cu00bfERES%20MAYOR%20DE%20EDAD%3F%3C%5C%2Fstrong%3E%3C%5C%2Fdiv%3E%22%2C%22submitButtonText%22%3A%22Ingresar%22%2C%22yesButtonText%22%3A%22SI%22%2C%22noButtonText%22%3A%22NO%22%2C%22additionalInfo%22%3A%22Esta%20informaci%5Cu00f3n%20forma%20parte%20de%20nuestro%20compromiso%20con%20el%20consumo%20responsable%3Cdiv%3EPara%20entrar%20en%20este%20sitio%20web%20debes%20haber%20cumplido%20la%20mayor%5Cu00eda%20de%20edad%20legal%20en%20tu%20pa%5Cu00eds%20de%20residencia.%3C%5C%2Fdiv%3E%3Cdiv%3EEvita%20el%20Exceso.%20Todos%20los%20derechos%20reservados.%3C%5C%2Fdiv%3E%22%2C%22logo%22%3A%22https%3A%5C%2F%5C%2Fwww.tequiladobleb.com%5C%2Fwp-content%5C%2Fuploads%5C%2F2023%5C%2F08%5C%2FLogotipoBlanco.png%22%2C%22image%22%3A%22https%3A%5C%2F%5C%2Fwww.tequiladobleb.com%5C%2Fwp-content%5C%2Fuploads%5C%2F2023%5C%2F05%5C%2Ftequila.webp%22%2C%22overlayBackgroundImage%22%3A%22https%3A%5C%2F%5C%2Fwww.tequiladobleb.com%5C%2Fwp-content%5C%2Fuploads%5C%2F2024%5C%2F02%5C%2FBarricas.png%22%2C%22align%22%3A%22center%22%2C%22shape%22%3A%22rounded%22%2C%22overlayBackgroundColor%22%3A%22rgba%2817%2C%2017%2C%2017%2C%200.7%29%22%2C%22popupBackgroundColor%22%3A%22rgb%28112%2C%20116%2C%2094%29%22%2C%22textColor%22%3A%22rgb%28255%2C%20255%2C%20255%29%22%2C%22submitButtonColor%22%3A%22rgb%28223%2C%20115%2C%2060%29%22%2C%22yesButtonColor%22%3A%22rgb%28255%2C%20255%2C%20255%29%22%2C%22noButtonColor%22%3A%22rgb%28255%2C%20255%2C%20255%29%22%2C%22messageFontSize%22%3A24%2C%22textFontSize%22%3A16%2C%22additionalTextFontSize%22%3A12%2C%22widgetId%22%3A%221%22%7D\" \n                data-elfsight-age-verification-version=\"1.1.0\"\n                data-elfsight-widget-id=\"elfsight-age-verification-1\">\n            <\/div>\n            \t\t\t\t<\/div>\n\t\t\t\t<\/div>\n\t\t\t\t<\/div>\n\t\t<div class=\"elementor-element elementor-element-84f0424 e-flex e-con-boxed e-con e-parent\" data-id=\"84f0424\" data-element_type=\"container\">\n\t\t\t\t\t<div class=\"e-con-inner\">\n\t\t\t\t\t<\/div>\n\t\t\t\t<\/div>\n\t\t<div class=\"elementor-element elementor-element-24dd3f6 e-flex e-con-boxed e-con e-parent\" data-id=\"24dd3f6\" data-element_type=\"container\">\n\t\t\t\t\t<div class=\"e-con-inner\">\n\t\t\t\t\t<\/div>\n\t\t\t\t<\/div>\n\t\t<div class=\"elementor-element elementor-element-2a292a3 e-flex e-con-boxed e-con e-parent\" data-id=\"2a292a3\" data-element_type=\"container\">\n\t\t\t\t\t<div class=\"e-con-inner\">\n\t\t\t\t\t<\/div>\n\t\t\t\t<\/div>\n\t\t<div class=\"elementor-element elementor-element-58b1c17 e-flex e-con-boxed e-con e-parent\" data-id=\"58b1c17\" data-element_type=\"container\">\n\t\t\t\t\t<div class=\"e-con-inner\">\n\t\t\t\t\t<\/div>\n\t\t\t\t<\/div>\n\t\t\t\t<\/div>","protected":false},"excerpt":{"rendered":"<p>Tequila Doble B El orgullo y el coraje de nuestra tradici\u00f3n es la principal fuente de inspiraci\u00f3n a continuar nuestro legado M\u00e1s que un tequila, un legado que nace en las tierras volc\u00e1nicas de Ahuacatl\u00e1n, Nayarit Cada gota de Tequila Doble B honra la pasi\u00f3n y el coraje de generaciones que forjaron nuestra tradici\u00f3n Un [&hellip;]<\/p>","protected":false},"author":1,"featured_media":0,"parent":0,"menu_order":0,"comment_status":"closed","ping_status":"closed","template":"","meta":{"footnotes":""},"class_list":["post-55","page","type-page","status-publish","hentry"],"_links":{"self":[{"href":"https:\/\/www.tequiladobleb.com\/en\/wp-json\/wp\/v2\/pages\/55","targetHints":{"allow":["GET"]}}],"collection":[{"href":"https:\/\/www.tequiladobleb.com\/en\/wp-json\/wp\/v2\/pages"}],"about":[{"href":"https:\/\/www.tequiladobleb.com\/en\/wp-json\/wp\/v2\/types\/page"}],"author":[{"embeddable":true,"href":"https:\/\/www.tequiladobleb.com\/en\/wp-json\/wp\/v2\/users\/1"}],"replies":[{"embeddable":true,"href":"https:\/\/www.tequiladobleb.com\/en\/wp-json\/wp\/v2\/comments?post=55"}],"version-history":[{"count":220,"href":"https:\/\/www.tequiladobleb.com\/en\/wp-json\/wp\/v2\/pages\/55\/revisions"}],"predecessor-version":[{"id":884,"href":"https:\/\/www.tequiladobleb.com\/en\/wp-json\/wp\/v2\/pages\/55\/revisions\/884"}],"wp:attachment":[{"href":"https:\/\/www.tequiladobleb.com\/en\/wp-json\/wp\/v2\/media?parent=55"}],"curies":[{"name":"wp","href":"https:\/\/api.w.org\/{rel}","templated":true}]}}